{"id":58,"date":"2018-05-05T14:33:33","date_gmt":"2018-05-05T12:33:33","guid":{"rendered":"http:\/\/www.adafam.org\/?page_id=58"},"modified":"2022-12-18T21:22:22","modified_gmt":"2022-12-18T20:22:22","slug":"partenaires","status":"publish","type":"page","link":"https:\/\/www.adafam.org\/index.php\/partenaires\/","title":{"rendered":"Partenaires"},"content":{"rendered":"<table style=\"width: 100%; table-layout: fixed;\">\n<tbody>\n<tr>\n<td>\n<p><figure id=\"attachment_84\" aria-describedby=\"caption-attachment-84\" style=\"width: 300px\" class=\"wp-caption alignnone\"><a href=\"http:\/\/www.stiftung-artenschutz.de\/\"><img loading=\"lazy\" decoding=\"async\" class=\"wp-image-84 size-medium\" src=\"https:\/\/www.adafam.org\/wp-content\/uploads\/2018\/05\/logo-siftun-300x98.png\" alt=\"\" width=\"300\" height=\"98\" \/><\/a><figcaption id=\"caption-attachment-84\" class=\"wp-caption-text\">Associ\u00e9e \u00e0 Thoiry-Peaugres-Conservation pour la recherche sur les amphibiens \u00e0 Ambodiriana.<\/figcaption><\/figure><\/td>\n<td>\n<p><figure id=\"attachment_92\" aria-describedby=\"caption-attachment-92\" style=\"width: 150px\" class=\"wp-caption alignnone\"><a href=\"http:\/\/www.snpn.com\/lecourrierdelanature\/\"><img loading=\"lazy\" decoding=\"async\" class=\"wp-image-92 \" src=\"https:\/\/www.adafam.org\/wp-content\/uploads\/2018\/05\/LOGO-SNPN-2017_RVB_BD-150x150.png\" alt=\"\" width=\"150\" height=\"150\" srcset=\"https:\/\/www.adafam.org\/wp-content\/uploads\/2018\/05\/LOGO-SNPN-2017_RVB_BD-150x150.png 150w, https:\/\/www.adafam.org\/wp-content\/uploads\/2018\/05\/LOGO-SNPN-2017_RVB_BD-100x100.png 100w\" sizes=\"(max-width: 150px) 100vw, 150px\" \/><\/a><figcaption id=\"caption-attachment-92\" class=\"wp-caption-text\">Soci\u00e9t\u00e9 Nationale de Protection de la Nature. Edite la revue \u00ab\u00a0Le Courrier de la Nature\u00a0\u00bb.<\/figcaption><\/figure><\/td>\n<\/tr>\n<tr>\n<td><a href=\"http:\/\/www.helpsimus.org\/blog\/thoiry-peaugres-conservation\/\"><img loading=\"lazy\" decoding=\"async\" class=\"wp-image-86 size-thumbnail\" src=\"https:\/\/www.adafam.org\/wp-content\/uploads\/2018\/05\/thoiry-logo-150x150.jpg\" alt=\"\" width=\"150\" height=\"150\" srcset=\"https:\/\/www.adafam.org\/wp-content\/uploads\/2018\/05\/thoiry-logo-150x150.jpg 150w, https:\/\/www.adafam.org\/wp-content\/uploads\/2018\/05\/thoiry-logo-100x100.jpg 100w\" sizes=\"(max-width: 150px) 100vw, 150px\" \/><\/a><\/td>\n<td><a href=\"https:\/\/www.adafam.org\/wp-content\/uploads\/2019\/01\/logo-univet-fond-pour-la-nature_V3-rectangle.jpg\"><img loading=\"lazy\" decoding=\"async\" class=\"alignnone  wp-image-198\" src=\"https:\/\/www.adafam.org\/wp-content\/uploads\/2019\/01\/logo-univet-fond-pour-la-nature_V3-rectangle-300x110.jpg\" alt=\"\" width=\"266\" height=\"97\" srcset=\"https:\/\/www.adafam.org\/wp-content\/uploads\/2019\/01\/logo-univet-fond-pour-la-nature_V3-rectangle-300x110.jpg 300w, https:\/\/www.adafam.org\/wp-content\/uploads\/2019\/01\/logo-univet-fond-pour-la-nature_V3-rectangle-768x282.jpg 768w, https:\/\/www.adafam.org\/wp-content\/uploads\/2019\/01\/logo-univet-fond-pour-la-nature_V3-rectangle-1024x376.jpg 1024w, https:\/\/www.adafam.org\/wp-content\/uploads\/2019\/01\/logo-univet-fond-pour-la-nature_V3-rectangle.jpg 1263w\" sizes=\"(max-width: 266px) 100vw, 266px\" \/><\/a><\/p>\n<p><strong>Univet Nature<\/strong> est un fonds de dotation fran\u00e7ais qui \u0153uvre pour la protection des for\u00eats tropicales.\u00a0Dans le cadre de l\u2019action men\u00e9e par l&rsquo;ADAFAM, <strong>Univet Nature<\/strong> apporte une aide financi\u00e8re pour des interventions portant sur :<br \/>\n<strong>La pr\u00e9servation de l&rsquo;int\u00e9gralit\u00e9 de la r\u00e9serve d&rsquo;Ambodiriana.<\/strong><br \/>\nL&rsquo;exploitation foresti\u00e8re clandestine est permanente en p\u00e9riph\u00e9rie mais aussi dans la r\u00e9serve. Une logistique d&rsquo;organisation est indispensable pour assurer la coordination et la surveillance du site.<br \/>\n<strong>L&rsquo;acquisition des espaces de for\u00eat primaire en p\u00e9riph\u00e9rie et des espaces d\u00e9grad\u00e9s dans la r\u00e9serve.<\/strong><br \/>\nLa gestion du site est complexe car le statut des parcelles dans la r\u00e9serve est soumis \u00e0 des baux locatifs ou communaux mais \u00e9galement aux droits coutumiers non \u00e9crits. L&rsquo;une des solutions pour sortir de cette situation instable passe par l&rsquo;acquisition fonci\u00e8re.<br \/>\n<strong>La sensibilisation environnementale des publics de Manompana.<\/strong> Ce projet est particuli\u00e8rement important pour conscientiser les jeunes malgaches \u00e0 la richesse et \u00e0 la fragilit\u00e9 de leur patrimoine naturel.<\/td>\n<\/tr>\n<tr>\n<td><a href=\"https:\/\/www.adafam.org\/wp-content\/uploads\/logoffo.jpg\"><img loading=\"lazy\" decoding=\"async\" class=\"alignnone  wp-image-474\" src=\"https:\/\/www.adafam.org\/wp-content\/uploads\/logoffo.jpg\" alt=\"\" width=\"157\" height=\"157\" srcset=\"https:\/\/www.adafam.org\/wp-content\/uploads\/logoffo.jpg 121w, https:\/\/www.adafam.org\/wp-content\/uploads\/logoffo-100x100.jpg 100w\" sizes=\"(max-width: 157px) 100vw, 157px\" \/><\/a><\/td>\n<td><a href=\"https:\/\/www.madagasikara-voakajy.org\/\"><img loading=\"lazy\" decoding=\"async\" class=\"size-full wp-image-72\" src=\"https:\/\/www.adafam.org\/wp-content\/uploads\/2018\/05\/voakajy.jpg\" alt=\"\" width=\"143\" height=\"135\" \/><\/a><\/td>\n<\/tr>\n<tr>\n<td><a href=\"https:\/\/www.rainforesttrust.org\"><img loading=\"lazy\" decoding=\"async\" class=\"size-medium wp-image-71\" src=\"https:\/\/www.adafam.org\/wp-content\/uploads\/2018\/05\/rainforest_trust-300x123.jpg\" alt=\"\" width=\"300\" height=\"123\" srcset=\"https:\/\/www.adafam.org\/wp-content\/uploads\/2018\/05\/rainforest_trust-300x123.jpg 300w, https:\/\/www.adafam.org\/wp-content\/uploads\/2018\/05\/rainforest_trust.jpg 562w\" sizes=\"(max-width: 300px) 100vw, 300px\" \/><\/a><\/td>\n<td><a href=\"https:\/\/www.adafam.org\/wp-content\/uploads\/logo-AOS-1.png\"><img loading=\"lazy\" decoding=\"async\" class=\"alignnone size-medium wp-image-477\" src=\"https:\/\/www.adafam.org\/wp-content\/uploads\/logo-AOS-1-300x65.png\" alt=\"\" width=\"300\" height=\"65\" srcset=\"https:\/\/www.adafam.org\/wp-content\/uploads\/logo-AOS-1-300x65.png 300w, https:\/\/www.adafam.org\/wp-content\/uploads\/logo-AOS-1.png 436w\" sizes=\"(max-width: 300px) 100vw, 300px\" \/><\/a><\/td>\n<\/tr>\n<\/tbody>\n<\/table>\n","protected":false},"excerpt":{"rendered":"<p>Univet Nature est un fonds de dotation fran\u00e7ais qui \u0153uvre pour la protection des for\u00eats tropicales.\u00a0Dans le cadre de l\u2019action men\u00e9e par l&rsquo;ADAFAM, Univet Nature apporte une aide financi\u00e8re pour des interventions portant sur : La pr\u00e9servation de l&rsquo;int\u00e9gralit\u00e9 de la r\u00e9serve d&rsquo;Ambodiriana. L&rsquo;exploitation foresti\u00e8re clandestine est permanente en p\u00e9riph\u00e9rie mais aussi dans la r\u00e9serve. &hellip; <\/p>\n<p class=\"link-more\"><a href=\"https:\/\/www.adafam.org\/index.php\/partenaires\/\" class=\"more-link\">Continuer la lecture<span class=\"screen-reader-text\"> de &laquo;&nbsp;Partenaires&nbsp;&raquo;<\/span><\/a><\/p>\n","protected":false},"author":1,"featured_media":0,"parent":0,"menu_order":0,"comment_status":"closed","ping_status":"closed","template":"","meta":{"footnotes":""},"class_list":["post-58","page","type-page","status-publish","hentry"],"_links":{"self":[{"href":"https:\/\/www.adafam.org\/index.php\/wp-json\/wp\/v2\/pages\/58"}],"collection":[{"href":"https:\/\/www.adafam.org\/index.php\/wp-json\/wp\/v2\/pages"}],"about":[{"href":"https:\/\/www.adafam.org\/index.php\/wp-json\/wp\/v2\/types\/page"}],"author":[{"embeddable":true,"href":"https:\/\/www.adafam.org\/index.php\/wp-json\/wp\/v2\/users\/1"}],"replies":[{"embeddable":true,"href":"https:\/\/www.adafam.org\/index.php\/wp-json\/wp\/v2\/comments?post=58"}],"version-history":[{"count":26,"href":"https:\/\/www.adafam.org\/index.php\/wp-json\/wp\/v2\/pages\/58\/revisions"}],"predecessor-version":[{"id":478,"href":"https:\/\/www.adafam.org\/index.php\/wp-json\/wp\/v2\/pages\/58\/revisions\/478"}],"wp:attachment":[{"href":"https:\/\/www.adafam.org\/index.php\/wp-json\/wp\/v2\/media?parent=58"}],"curies":[{"name":"wp","href":"https:\/\/api.w.org\/{rel}","templated":true}]}}