{"id":200,"date":"2019-01-11T12:20:42","date_gmt":"2019-01-11T11:20:42","guid":{"rendered":"http:\/\/www.adafam.org\/?page_id=200"},"modified":"2021-04-19T19:01:52","modified_gmt":"2021-04-19T17:01:52","slug":"oiseaux","status":"publish","type":"page","link":"https:\/\/www.adafam.org\/index.php\/phototheque\/oiseaux\/","title":{"rendered":"Avifaune"},"content":{"rendered":"<p>L&rsquo;avifaune malgache se caract\u00e9rise par un taux d&rsquo;end\u00e9misme \u00e9lev\u00e9 (environ 52%) et la plupart de ses repr\u00e9sentants sont forestiers.<\/p>\n<p><a href=\"https:\/\/www.adafam.org\/wp-content\/uploads\/R\u00e9partition-des-oiseaux-forestiers-\u00e0-Ambodiriana.jpg\"><img loading=\"lazy\" decoding=\"async\" class=\"alignnone size-medium wp-image-253\" src=\"https:\/\/www.adafam.org\/wp-content\/uploads\/R\u00e9partition-des-oiseaux-forestiers-\u00e0-Ambodiriana-300x197.jpg\" alt=\"\" width=\"300\" height=\"197\" srcset=\"https:\/\/www.adafam.org\/wp-content\/uploads\/R\u00e9partition-des-oiseaux-forestiers-\u00e0-Ambodiriana-300x197.jpg 300w, https:\/\/www.adafam.org\/wp-content\/uploads\/R\u00e9partition-des-oiseaux-forestiers-\u00e0-Ambodiriana.jpg 435w\" sizes=\"(max-width: 300px) 100vw, 300px\" \/><\/a><\/p>\n<p>Les affinit\u00e9s de l&rsquo;avifaune malgache sont principalement afro-tropicales et certaines esp\u00e8ces se rattachent \u00e0 la zone indo-tropicale comme les Engoulevents, le Dyal ou le Bulbul. Toutes ces esp\u00e8ces ont un degr\u00e9 de vuln\u00e9rabilit\u00e9 important.<\/p>\n<p>Inventaire des oiseaux \u00e0 Manompana &#8211; Page1<\/p>\n<p><a href=\"https:\/\/www.adafam.org\/wp-content\/uploads\/Inventaire-des-oiseaux-\u00e0-Manompana-Page-1.jpg\"><img loading=\"lazy\" decoding=\"async\" class=\"alignnone size-medium wp-image-260\" src=\"https:\/\/www.adafam.org\/wp-content\/uploads\/Inventaire-des-oiseaux-\u00e0-Manompana-Page-1-223x300.jpg\" alt=\"\" width=\"223\" height=\"300\" srcset=\"https:\/\/www.adafam.org\/wp-content\/uploads\/Inventaire-des-oiseaux-\u00e0-Manompana-Page-1-223x300.jpg 223w, https:\/\/www.adafam.org\/wp-content\/uploads\/Inventaire-des-oiseaux-\u00e0-Manompana-Page-1.jpg 658w\" sizes=\"(max-width: 223px) 100vw, 223px\" \/><\/a><\/p>\n<p>Inventaire des oiseaux \u00e0 Manompana &#8211; Page2<\/p>\n<p><a href=\"https:\/\/www.adafam.org\/wp-content\/uploads\/Inventaire-des-oiseaux-\u00e0-Manompana-Page-2.jpg\"><img loading=\"lazy\" decoding=\"async\" class=\"alignnone size-medium wp-image-261\" src=\"https:\/\/www.adafam.org\/wp-content\/uploads\/Inventaire-des-oiseaux-\u00e0-Manompana-Page-2-296x300.jpg\" alt=\"\" width=\"296\" height=\"300\" srcset=\"https:\/\/www.adafam.org\/wp-content\/uploads\/Inventaire-des-oiseaux-\u00e0-Manompana-Page-2-296x300.jpg 296w, https:\/\/www.adafam.org\/wp-content\/uploads\/Inventaire-des-oiseaux-\u00e0-Manompana-Page-2-100x100.jpg 100w, https:\/\/www.adafam.org\/wp-content\/uploads\/Inventaire-des-oiseaux-\u00e0-Manompana-Page-2.jpg 658w\" sizes=\"(max-width: 296px) 100vw, 296px\" \/><\/a><\/p>\n<p>A Ambodiriana, on d\u00e9nombre 130 esp\u00e8ces dont 21 end\u00e9miques qui sont r\u00e9parties en cinq familles principales : les Mesithornithidae, les Brachypteraciidae, les Philepittidae, les Vangidae et les Leptosomatidae.<\/p>\n<p>Quelques uns de nos oiseaux &#8212; Photos prises sur le site par des visiteurs ou des b\u00e9n\u00e9voles d&rsquo;ADAFAM<\/p>\n<p><strong>Famille des Accipitridae<\/strong><\/p>\n<p><a href=\"https:\/\/www.adafam.org\/wp-content\/uploads\/Gymnog\u00e8ne-de-Madagascar-ou-Gymnog\u00e8ne-malgache-Madagascar-Harrier-Hawk-Polyboroides-radiatus-Famille-des-Accipitridae.jpg\"><img loading=\"lazy\" decoding=\"async\" class=\"alignnone size-full wp-image-276\" src=\"https:\/\/www.adafam.org\/wp-content\/uploads\/Gymnog\u00e8ne-de-Madagascar-ou-Gymnog\u00e8ne-malgache-Madagascar-Harrier-Hawk-Polyboroides-radiatus-Famille-des-Accipitridae.jpg\" alt=\"\" width=\"256\" height=\"170\" \/><\/a><br \/>Gymnog\u00e8ne de Madagascar ou Gymnog\u00e8ne malgache &#8212; Madagascar Harrier-Hawk (Polyboroides radiatus)<\/p>\n<p><strong>Famille des Alcedinidae<\/strong><\/p>\n<p><a href=\"https:\/\/www.adafam.org\/wp-content\/uploads\/Martin-p\u00eacheur-de-Madagascar-ou-Martin-p\u00eacheur-vintsi-Madagascar-Kingfisher-Corythornis-vintsioides-anciennement-Alcedo-vintsioides-Famille-des-Alcedinidae.jpg\"><img loading=\"lazy\" decoding=\"async\" class=\"alignnone size-medium wp-image-279\" src=\"https:\/\/www.adafam.org\/wp-content\/uploads\/Martin-p\u00eacheur-de-Madagascar-ou-Martin-p\u00eacheur-vintsi-Madagascar-Kingfisher-Corythornis-vintsioides-anciennement-Alcedo-vintsioides-Famille-des-Alcedinidae-240x300.jpg\" alt=\"\" width=\"240\" height=\"300\" srcset=\"https:\/\/www.adafam.org\/wp-content\/uploads\/Martin-p\u00eacheur-de-Madagascar-ou-Martin-p\u00eacheur-vintsi-Madagascar-Kingfisher-Corythornis-vintsioides-anciennement-Alcedo-vintsioides-Famille-des-Alcedinidae-240x300.jpg 240w, https:\/\/www.adafam.org\/wp-content\/uploads\/Martin-p\u00eacheur-de-Madagascar-ou-Martin-p\u00eacheur-vintsi-Madagascar-Kingfisher-Corythornis-vintsioides-anciennement-Alcedo-vintsioides-Famille-des-Alcedinidae.jpg 256w\" sizes=\"(max-width: 240px) 100vw, 240px\" \/><\/a><br \/>Martin-p\u00eacheur de Madagascar ou Martin-p\u00eacheur vintsi &#8212; Madagascar Kingfisher (Corythornis vintsioides , anciennement Alcedo vintsioides)<\/p>\n<p><a href=\"https:\/\/www.adafam.org\/wp-content\/uploads\/Martin-p\u00eacheur-malgache-ou-Martin-chasseur-roux-Madagascar-Pygmy-Kingfisher-Corythornis-madagascariensis-Famille-des-Alcedinidae.jpg\"><img loading=\"lazy\" decoding=\"async\" class=\"size-medium wp-image-280\" src=\"https:\/\/www.adafam.org\/wp-content\/uploads\/Martin-p\u00eacheur-malgache-ou-Martin-chasseur-roux-Madagascar-Pygmy-Kingfisher-Corythornis-madagascariensis-Famille-des-Alcedinidae-225x300.jpg\" alt=\"\" width=\"225\" height=\"300\" srcset=\"https:\/\/www.adafam.org\/wp-content\/uploads\/Martin-p\u00eacheur-malgache-ou-Martin-chasseur-roux-Madagascar-Pygmy-Kingfisher-Corythornis-madagascariensis-Famille-des-Alcedinidae-225x300.jpg 225w, https:\/\/www.adafam.org\/wp-content\/uploads\/Martin-p\u00eacheur-malgache-ou-Martin-chasseur-roux-Madagascar-Pygmy-Kingfisher-Corythornis-madagascariensis-Famille-des-Alcedinidae.jpg 256w\" sizes=\"(max-width: 225px) 100vw, 225px\" \/><\/a><br \/>Martin-p\u00eacheur malgache ou Martin-chasseur roux &#8212; Madagascar Pygmy-Kingfisher (Corythornis madagascariensis)<\/p>\n<p><strong>Famille des Ardeidae<\/strong><\/p>\n<p><a href=\"https:\/\/www.adafam.org\/wp-content\/uploads\/Grande-aigrette-Western-Great-Egret-Casmerodius-albus-ou-Ardea-alba-Famille-des-Ardeidae.jpg\"><img loading=\"lazy\" decoding=\"async\" class=\"alignnone size-full wp-image-274\" src=\"https:\/\/www.adafam.org\/wp-content\/uploads\/Grande-aigrette-Western-Great-Egret-Casmerodius-albus-ou-Ardea-alba-Famille-des-Ardeidae.jpg\" alt=\"\" width=\"256\" height=\"171\" \/><\/a><br \/>Grande aigrette &#8212; Western Great Egret (Casmerodius albus ou Ardea alba)<\/p>\n<p><strong>Famille des Bernieridae<\/strong><\/p>\n<p><a href=\"https:\/\/www.adafam.org\/wp-content\/uploads\/T\u00e9traka-malgache-ou-Bernieria-\u00e0-long-bec-Long-billed-bernieria-Bernieria-madagascariensis-ou-parfois-Phyllastrephus-madagascariensis-Famille-des-Bernieridae.jpg\"><img loading=\"lazy\" decoding=\"async\" class=\"alignnone size-full wp-image-286\" src=\"https:\/\/www.adafam.org\/wp-content\/uploads\/T\u00e9traka-malgache-ou-Bernieria-\u00e0-long-bec-Long-billed-bernieria-Bernieria-madagascariensis-ou-parfois-Phyllastrephus-madagascariensis-Famille-des-Bernieridae.jpg\" alt=\"\" width=\"256\" height=\"171\" \/><\/a><br \/>T\u00e9traka malgache ou Bernieria \u00e0 long bec (autrefois appel\u00e9 Bulbe \u00e0 long bec ou T\u00e9traka commun ou T\u00e9traka \u00e0 long bec) &#8211; Long-billed bernieria (formerly known as Long-billed greenbul and sometimes as common tetraka or long-billed tetraka) (Bernieria madagascariensis ou parfois Phyllastrephus madagascariensis)<\/p>\n<p><strong>Famille des Brachypteraciidae<\/strong><\/p>\n<p><a href=\"https:\/\/www.adafam.org\/wp-content\/uploads\/Brachypt\u00e9rolle-leptosome-ou-Rollier-terrestre-leptosome-Short-legged-ground-roller-Brachypteracias-leptosomus-Famille-des-Brachypteraciidae.jpg\"><img loading=\"lazy\" decoding=\"async\" class=\"alignnone size-medium wp-image-269\" src=\"https:\/\/www.adafam.org\/wp-content\/uploads\/Brachypt\u00e9rolle-leptosome-ou-Rollier-terrestre-leptosome-Short-legged-ground-roller-Brachypteracias-leptosomus-Famille-des-Brachypteraciidae-300x200.jpg\" alt=\"\" width=\"300\" height=\"200\" srcset=\"https:\/\/www.adafam.org\/wp-content\/uploads\/Brachypt\u00e9rolle-leptosome-ou-Rollier-terrestre-leptosome-Short-legged-ground-roller-Brachypteracias-leptosomus-Famille-des-Brachypteraciidae-300x200.jpg 300w, https:\/\/www.adafam.org\/wp-content\/uploads\/Brachypt\u00e9rolle-leptosome-ou-Rollier-terrestre-leptosome-Short-legged-ground-roller-Brachypteracias-leptosomus-Famille-des-Brachypteraciidae-768x512.jpg 768w, https:\/\/www.adafam.org\/wp-content\/uploads\/Brachypt\u00e9rolle-leptosome-ou-Rollier-terrestre-leptosome-Short-legged-ground-roller-Brachypteracias-leptosomus-Famille-des-Brachypteraciidae-1024x683.jpg 1024w\" sizes=\"(max-width: 300px) 100vw, 300px\" \/><\/a><br \/>Brachypt\u00e9rolle leptosome ou Rollier terrestre leptosome &#8212; Short-legged ground-roller (Brachypteracias leptosomus) &#8212; Cr\u00e9dit photo : \u00a9Cally S\u00e9bastien)<\/p>\n<p><strong>Famille des Columbidae<\/strong><\/p>\n<p><a href=\"https:\/\/www.adafam.org\/wp-content\/uploads\/Pigeon-de-Madagascar-ou-Tourterelle-peinte-de-Madagascar-Madagascar-Turtle-Nesoenas-picturatus-anciennement-Streptopelia-picturata-Famille-des-Columbidae.jpg\"><img loading=\"lazy\" decoding=\"async\" class=\"alignnone size-full wp-image-282\" src=\"https:\/\/www.adafam.org\/wp-content\/uploads\/Pigeon-de-Madagascar-ou-Tourterelle-peinte-de-Madagascar-Madagascar-Turtle-Nesoenas-picturatus-anciennement-Streptopelia-picturata-Famille-des-Columbidae.jpg\" alt=\"\" width=\"256\" height=\"192\" \/><\/a><br \/>Pigeon de Madagascar ou Tourterelle peinte de Madagascar &#8212; Madagascar Turtle (Nesoenas picturatus, anciennement Streptopelia picturata)<\/p>\n<p><strong>Famille des Cuculidae<\/strong><\/p>\n<p><a href=\"https:\/\/www.adafam.org\/wp-content\/uploads\/Coua-bleu-Blue-Coua-Coua-caerulea-Famille-des-Cuculidae.jpg\"><img loading=\"lazy\" decoding=\"async\" class=\"alignnone size-full wp-image-271\" src=\"https:\/\/www.adafam.org\/wp-content\/uploads\/Coua-bleu-Blue-Coua-Coua-caerulea-Famille-des-Cuculidae.jpg\" alt=\"\" width=\"256\" height=\"172\" \/><\/a><br \/>Coua bleu &#8212; Blue Coua (Coua caerulea)<\/p>\n<p><strong>Famille des Monarchidae<\/strong><\/p>\n<p><a href=\"https:\/\/www.adafam.org\/wp-content\/uploads\/Tchitrec-malgache-ou-Gobe-mouche-de-Paradis-de-Madagascar-Madagascar-Paradise-Flycatcher-Terpsiphone-mutata-Famille-des-Monarchidae.jpg\"><img loading=\"lazy\" decoding=\"async\" class=\"alignnone size-full wp-image-285\" src=\"https:\/\/www.adafam.org\/wp-content\/uploads\/Tchitrec-malgache-ou-Gobe-mouche-de-Paradis-de-Madagascar-Madagascar-Paradise-Flycatcher-Terpsiphone-mutata-Famille-des-Monarchidae.jpg\" alt=\"\" width=\"256\" height=\"192\" \/><\/a><br \/>Tchitrec malgache ou Gobe-mouche de Paradis de Madagascar &#8212; Madagascar Paradise-Flycatcher (Terpsiphone mutata)<\/p>\n<p><strong>Famille des Meropidae<\/strong><\/p>\n<p><a href=\"https:\/\/www.adafam.org\/wp-content\/uploads\/Gu\u00eapier-de-Madagascar-ou-Gu\u00eapier-malgache-Madagascar-Olive-Bee-eater-Merops-superciliosus-Famille-des-Meropidae.jpg\"><img loading=\"lazy\" decoding=\"async\" class=\"alignnone size-medium wp-image-275\" src=\"https:\/\/www.adafam.org\/wp-content\/uploads\/Gu\u00eapier-de-Madagascar-ou-Gu\u00eapier-malgache-Madagascar-Olive-Bee-eater-Merops-superciliosus-Famille-des-Meropidae-225x300.jpg\" alt=\"\" width=\"225\" height=\"300\" srcset=\"https:\/\/www.adafam.org\/wp-content\/uploads\/Gu\u00eapier-de-Madagascar-ou-Gu\u00eapier-malgache-Madagascar-Olive-Bee-eater-Merops-superciliosus-Famille-des-Meropidae-225x300.jpg 225w, https:\/\/www.adafam.org\/wp-content\/uploads\/Gu\u00eapier-de-Madagascar-ou-Gu\u00eapier-malgache-Madagascar-Olive-Bee-eater-Merops-superciliosus-Famille-des-Meropidae.jpg 256w\" sizes=\"(max-width: 225px) 100vw, 225px\" \/><\/a><br \/>Gu\u00eapier de Madagascar ou Gu\u00eapier malgache &#8212; Madagascar (Olive) Bee-eater (Merops superciliosus)<\/p>\n<p><strong>Famille des Muscicapidae<\/strong><\/p>\n<p><a href=\"https:\/\/www.adafam.org\/wp-content\/uploads\/Shama-de-Madagascar-ou-Merle-dyal-malgache-Copsychus-albospecularis-ssp-albospecularis-\u2013-Femelle-Famille-des-Muscicapidae.jpg\"><img loading=\"lazy\" decoding=\"async\" class=\"alignnone size-full wp-image-283\" src=\"https:\/\/www.adafam.org\/wp-content\/uploads\/Shama-de-Madagascar-ou-Merle-dyal-malgache-Copsychus-albospecularis-ssp-albospecularis-\u2013-Femelle-Famille-des-Muscicapidae.jpg\" alt=\"\" width=\"256\" height=\"196\" \/><\/a><br \/>Shama de Madagascar ou Merle dyal malgache (Copsychus albospecularis ssp albospecularis) \u2013 Femelle<\/p>\n<p><strong> Famille des Nectariniidae<\/strong><\/p>\n<p><a href=\"https:\/\/www.adafam.org\/wp-content\/uploads\/Souimanga-malgache-Souimanga-Sunbird-Cinnyris-sovimanga-\u2013-Couple-Famille-des-Nectariniidae.jpg\"><img loading=\"lazy\" decoding=\"async\" class=\"alignnone size-full wp-image-284\" src=\"https:\/\/www.adafam.org\/wp-content\/uploads\/Souimanga-malgache-Souimanga-Sunbird-Cinnyris-sovimanga-\u2013-Couple-Famille-des-Nectariniidae.jpg\" alt=\"\" width=\"256\" height=\"192\" \/><\/a><br \/>Souimanga malgache &#8212; Souimanga Sunbird (Cinnyris sovimanga) \u2013 Couple<\/p>\n<p><strong>Famille des Psittrichasidae<\/strong><\/p>\n<p><a href=\"https:\/\/www.adafam.org\/wp-content\/uploads\/Grand-Vaza-ou-Perroquet-vasa-Greater-vasa-parrot-Coracopsis-vasa-Famille-des-Psittrichasidae.jpg\"><img loading=\"lazy\" decoding=\"async\" class=\"alignnone size-full wp-image-273\" src=\"https:\/\/www.adafam.org\/wp-content\/uploads\/Grand-Vaza-ou-Perroquet-vasa-Greater-vasa-parrot-Coracopsis-vasa-Famille-des-Psittrichasidae.jpg\" alt=\"\" width=\"256\" height=\"199\" \/><\/a><br \/>Grand Vaza ou Perroquet vasa &#8212; Greater vasa parrot (Coracopsis vasa)<\/p>\n<p><strong>Famille des Pycnonotidae<\/strong><\/p>\n<p><a href=\"https:\/\/www.adafam.org\/wp-content\/uploads\/Bulbul-de-Madagascar-ou-Bulbul-malgache-\u2013-Madagascar-bulbul-Hypsipetes-madagascariensis-Famille-des-Pycnonotidae.jpg\"><img loading=\"lazy\" decoding=\"async\" class=\"alignnone size-medium wp-image-270\" src=\"https:\/\/www.adafam.org\/wp-content\/uploads\/Bulbul-de-Madagascar-ou-Bulbul-malgache-\u2013-Madagascar-bulbul-Hypsipetes-madagascariensis-Famille-des-Pycnonotidae-300x225.jpg\" alt=\"\" width=\"300\" height=\"225\" srcset=\"https:\/\/www.adafam.org\/wp-content\/uploads\/Bulbul-de-Madagascar-ou-Bulbul-malgache-\u2013-Madagascar-bulbul-Hypsipetes-madagascariensis-Famille-des-Pycnonotidae-300x225.jpg 300w, https:\/\/www.adafam.org\/wp-content\/uploads\/Bulbul-de-Madagascar-ou-Bulbul-malgache-\u2013-Madagascar-bulbul-Hypsipetes-madagascariensis-Famille-des-Pycnonotidae.jpg 640w\" sizes=\"(max-width: 300px) 100vw, 300px\" \/><\/a><br \/>Bulbul de Madagascar ou Bulbul malgache \u2013 Madagascar bulbul (Hypsipetes madagascariensis)<\/p>\n<p><strong>Famille des Vangidae<\/strong><\/p>\n<p><a href=\"https:\/\/www.adafam.org\/wp-content\/uploads\/Euryc\u00e8re-de-Pr\u00e9vost-Helmet-vanga-Euryceros-prevostii-Famille-des-Vangidae.jpg\"><img loading=\"lazy\" decoding=\"async\" class=\"alignnone size-medium wp-image-272\" src=\"https:\/\/www.adafam.org\/wp-content\/uploads\/Euryc\u00e8re-de-Pr\u00e9vost-Helmet-vanga-Euryceros-prevostii-Famille-des-Vangidae-225x300.jpg\" alt=\"\" width=\"225\" height=\"300\" srcset=\"https:\/\/www.adafam.org\/wp-content\/uploads\/Euryc\u00e8re-de-Pr\u00e9vost-Helmet-vanga-Euryceros-prevostii-Famille-des-Vangidae-225x300.jpg 225w, https:\/\/www.adafam.org\/wp-content\/uploads\/Euryc\u00e8re-de-Pr\u00e9vost-Helmet-vanga-Euryceros-prevostii-Famille-des-Vangidae.jpg 256w\" sizes=\"(max-width: 225px) 100vw, 225px\" \/><\/a><br \/>Euryc\u00e8re de Pr\u00e9vost &#8212; Helmet vanga (Euryceros prevostii)<\/p>\n<p><a href=\"https:\/\/www.adafam.org\/wp-content\/uploads\/Vanga-\u00e9corcheur-Hook-billed-Vanga-Vanga-curvirostris-Famille-des-Vangidae.jpg\"><img loading=\"lazy\" decoding=\"async\" class=\"alignnone size-full wp-image-287\" src=\"https:\/\/www.adafam.org\/wp-content\/uploads\/Vanga-\u00e9corcheur-Hook-billed-Vanga-Vanga-curvirostris-Famille-des-Vangidae.jpg\" alt=\"\" width=\"256\" height=\"192\" \/><\/a><br \/>Vanga \u00e9corcheur &#8212; Hook-billed Vanga (Vanga curvirostris)<\/p>\n\n\n<div class=\"wp-block-group\"><div class=\"wp-block-group__inner-container is-layout-flow wp-block-group-is-layout-flow\">\n<figure class=\"wp-block-gallery columns-0 is-cropped wp-block-gallery-1 is-layout-flex wp-block-gallery-is-layout-flex\"><ul class=\"blocks-gallery-grid\"><\/ul><\/figure>\n<\/div><\/div>\n","protected":false},"excerpt":{"rendered":"<p>L&rsquo;avifaune malgache se caract\u00e9rise par un taux d&rsquo;end\u00e9misme \u00e9lev\u00e9 (environ 52%) et la plupart de ses repr\u00e9sentants sont forestiers. Les affinit\u00e9s de l&rsquo;avifaune malgache sont principalement afro-tropicales et certaines esp\u00e8ces se rattachent \u00e0 la zone indo-tropicale comme les Engoulevents, le Dyal ou le Bulbul. Toutes ces esp\u00e8ces ont un degr\u00e9 de vuln\u00e9rabilit\u00e9 important. Inventaire des &hellip; <\/p>\n<p class=\"link-more\"><a href=\"https:\/\/www.adafam.org\/index.php\/phototheque\/oiseaux\/\" class=\"more-link\">Continuer la lecture<span class=\"screen-reader-text\"> de &laquo;&nbsp;Avifaune&nbsp;&raquo;<\/span><\/a><\/p>\n","protected":false},"author":1,"featured_media":0,"parent":132,"menu_order":0,"comment_status":"closed","ping_status":"closed","template":"","meta":{"footnotes":""},"class_list":["post-200","page","type-page","status-publish","hentry"],"_links":{"self":[{"href":"https:\/\/www.adafam.org\/index.php\/wp-json\/wp\/v2\/pages\/200"}],"collection":[{"href":"https:\/\/www.adafam.org\/index.php\/wp-json\/wp\/v2\/pages"}],"about":[{"href":"https:\/\/www.adafam.org\/index.php\/wp-json\/wp\/v2\/types\/page"}],"author":[{"embeddable":true,"href":"https:\/\/www.adafam.org\/index.php\/wp-json\/wp\/v2\/users\/1"}],"replies":[{"embeddable":true,"href":"https:\/\/www.adafam.org\/index.php\/wp-json\/wp\/v2\/comments?post=200"}],"version-history":[{"count":21,"href":"https:\/\/www.adafam.org\/index.php\/wp-json\/wp\/v2\/pages\/200\/revisions"}],"predecessor-version":[{"id":455,"href":"https:\/\/www.adafam.org\/index.php\/wp-json\/wp\/v2\/pages\/200\/revisions\/455"}],"up":[{"embeddable":true,"href":"https:\/\/www.adafam.org\/index.php\/wp-json\/wp\/v2\/pages\/132"}],"wp:attachment":[{"href":"https:\/\/www.adafam.org\/index.php\/wp-json\/wp\/v2\/media?parent=200"}],"curies":[{"name":"wp","href":"https:\/\/api.w.org\/{rel}","templated":true}]}}