{"id":128,"date":"2018-05-23T14:13:25","date_gmt":"2018-05-23T12:13:25","guid":{"rendered":"http:\/\/www.adafam.org\/?page_id=128"},"modified":"2026-01-29T14:53:59","modified_gmt":"2026-01-29T13:53:59","slug":"nouvelles","status":"publish","type":"page","link":"https:\/\/www.adafam.org\/index.php\/nouvelles\/","title":{"rendered":"Nouvelles"},"content":{"rendered":"\n<h1 class=\"wp-block-heading\"><strong>Janvier 2026<\/strong><\/h1>\n\n\n\n<p>Univet Nature s&rsquo;engage pour la protection des l\u00e9muriens et des for\u00eats de Madagascar, en particulier la for\u00eat d&rsquo;Ambodiriana :<\/p>\n\n\n\n<figure class=\"wp-block-embed is-type-wp-embed is-provider-univet-nature wp-block-embed-univet-nature\"><div class=\"wp-block-embed__wrapper\">\n<blockquote class=\"wp-embedded-content\" data-secret=\"tQGD26SWsY\"><a href=\"https:\/\/univetnature.org\/2026\/01\/19\/junglevet-partenaire-dunivet-nature-un-achat-ethique-et-solidaire-pour-sauver-les-lemuriens\/\">JungleVet partenaire d\u2019Univet Nature : un achat \u00e9thique et solidaire pour sauver les l\u00e9muriens<\/a><\/blockquote><iframe loading=\"lazy\" class=\"wp-embedded-content\" sandbox=\"allow-scripts\" security=\"restricted\" style=\"position: absolute; visibility: hidden;\" title=\"\u00ab\u00a0JungleVet partenaire d\u2019Univet Nature : un achat \u00e9thique et solidaire pour sauver les l\u00e9muriens\u00a0\u00bb &#8212; Univet Nature\" src=\"https:\/\/univetnature.org\/2026\/01\/19\/junglevet-partenaire-dunivet-nature-un-achat-ethique-et-solidaire-pour-sauver-les-lemuriens\/embed\/#?secret=tzo008OVs8#?secret=tQGD26SWsY\" data-secret=\"tQGD26SWsY\" width=\"525\" height=\"296\" frameborder=\"0\" marginwidth=\"0\" marginheight=\"0\" scrolling=\"no\"><\/iframe>\n<\/div><\/figure>\n\n\n<h1><strong>Avril 2021<\/strong><\/h1>\n<div class=\"\" dir=\"auto\">\n<div id=\"jsc_c_9j\" class=\"ecm0bbzt hv4rvrfc ihqw7lf3 dati1w0a\" data-ad-comet-preview=\"message\" data-ad-preview=\"message\">\n<div class=\"j83agx80 cbu4d94t ew0dbk1b irj2b8pg\">\n<div class=\"qzhwtbm6 knvmm38d\">\n<div class=\"kvgmc6g5 cxmmr5t8 oygrvhab hcukyx3x c1et5uql ii04i59q\">\n<div dir=\"auto\">Nous sommes tr\u00e8s heureux de vous annoncer la signature d&rsquo;un contrat de \u00ab D\u00e9l\u00e9gation de gestion \u00bb avec la DREDD d\u2019Analanjirofo.<\/div>\n<div dir=\"auto\">Ce contrat rend l\u00e9gitime ADAFAM comme : \u00ab gestionnaire d\u00e9l\u00e9gu\u00e9 \u00bb de toute la zone du site qui est d\u00e9crite ci-dessous :<\/div>\n<div dir=\"auto\">Pr\u00e9ambule<\/div>\n<div dir=\"auto\">Le site d Ambodiriana qui se situe dans la Fokontany et Commune Rurale de Manompana, District de Soanierana-lvongo, R\u00e9gion Analanjirofo est compos\u00e9 :<\/div>\n<div dir=\"auto\">&#8211; D\u2019une part de la for\u00eat d&rsquo;Ambodiriana comprenant les deux collines de chaque c\u00f4t\u00e9 du fleuve Manompana<\/div>\n<div dir=\"auto\">&#8211; D&rsquo;autre part des dix \u00e0 vingt-cinq m\u00e8tres (10 \u00e0 25 m) de la servitude de passage du domaine de l&rsquo;Etat pour les cours d&rsquo;eau de part et d&rsquo;autre du fleuve Manompana, depuis son embouchure jusqu\u2019\u00e0 sa source ainsi que de ses affluents y compris les affluents du cours sup\u00e9rieur en amont de la for\u00eat d&rsquo;Ambodiriana jusqu\u2019\u00e0 leurs sources. \u00bb<\/div>\n<div dir=\"auto\">Nous allons pouvoir mettre notre \u00e9nergie, nos comp\u00e9tences et nos financements au service de la conservation du site.<\/div>\n<\/div>\n<\/div>\n<\/div>\n<\/div>\n<\/div>\n<h1><strong>Mars 2021<\/strong><\/h1>\n<p>Une interview de Chantal Misandeau sur le site d&rsquo;Univet Nature :<\/p>\n<p><a href=\"https:\/\/univetnature.org\/2021\/03\/03\/rencontre-avec-chantal-misandeau\/\">Rencontre avec Chantal Misandeau &#8211; Univet Nature<\/a><\/p>\n<h1><strong>F\u00e9vrier 2021<\/strong><\/h1>\n<p>Participez au gala \u00e0 l&rsquo;intention des b\u00e9n\u00e9ficiaires d&rsquo;Univet Nature : un espoir pour les animaux sauvages<\/p>\n<p>Pr\u00e9sentation g\u00e9n\u00e9rale du gala :\u00a0<span id=\"OBJ_PREFIX_DWT476_com_zimbra_url\" class=\"Object\"><span id=\"OBJ_PREFIX_DWT477_com_zimbra_url\" class=\"Object\"><a href=\"https:\/\/gala-univet.fr\/\" target=\"_blank\" rel=\"noopener\">https:\/\/gala-univet.fr\/<\/a><\/span><\/span><\/p>\n<p>Actualit\u00e9 en ligne sur le gala :\u00a0<span id=\"OBJ_PREFIX_DWT479_com_zimbra_url\" class=\"Object\"><a href=\"https:\/\/univetnature.org\/2021\/02\/10\/un-gala-de-lespoir-pour-les-animaux-sauvages\/\" target=\"_blank\" rel=\"noopener\">https:\/\/univetnature.org\/2021\/02\/10\/un-gala-de-lespoir-pour-les-animaux-sauvages\/<\/a><\/span><\/p>\n<p>Les projets s\u00e9lectionn\u00e9s :\u00a0<span id=\"OBJ_PREFIX_DWT474_com_zimbra_url\" class=\"Object\"><span id=\"OBJ_PREFIX_DWT475_com_zimbra_url\" class=\"Object\"><a href=\"https:\/\/gala-univet.fr\/les-projets\" target=\"_blank\" rel=\"noopener\">https:\/\/gala-univet.fr\/les-projets<\/a><\/span><\/span><\/p>\n<p>Inscription :\u00a0<span id=\"OBJ_PREFIX_DWT478_com_zimbra_url\" class=\"Object\"><a href=\"https:\/\/www.weezevent.com\/gala-univet\" target=\"_blank\" rel=\"noopener\">https:\/\/www.weezevent.com\/gala-univet<\/a><\/span><\/p>\n<h1><strong>Mai 2020<\/strong><\/h1>\n<p>Nous sommes maintenant soutenus par la Fondation Univet Nature, fond\u00e9e par les v\u00e9t\u00e9rinaires fran\u00e7ais, qui a repris les activit\u00e9s du fonds de dotation Feralis :\u00a0 https:\/\/univetnature.org\/<\/p>\n<p><a href=\"https:\/\/www.adafam.org\/wp-content\/uploads\/logo-univet-fond-pour-la-nature_V3-rectangle.jpg\"><img loading=\"lazy\" decoding=\"async\" class=\"alignnone size-medium wp-image-296\" src=\"https:\/\/www.adafam.org\/wp-content\/uploads\/logo-univet-fond-pour-la-nature_V3-rectangle-300x110.jpg\" alt=\"\" width=\"300\" height=\"110\" srcset=\"https:\/\/www.adafam.org\/wp-content\/uploads\/logo-univet-fond-pour-la-nature_V3-rectangle-300x110.jpg 300w, https:\/\/www.adafam.org\/wp-content\/uploads\/logo-univet-fond-pour-la-nature_V3-rectangle-768x282.jpg 768w, https:\/\/www.adafam.org\/wp-content\/uploads\/logo-univet-fond-pour-la-nature_V3-rectangle-1024x376.jpg 1024w, https:\/\/www.adafam.org\/wp-content\/uploads\/logo-univet-fond-pour-la-nature_V3-rectangle.jpg 1263w\" sizes=\"(max-width: 300px) 100vw, 300px\" \/><\/a><\/p>\n<p>Voici un lien sur les actualit\u00e9s d&rsquo;Univet Nature :<\/p>\n<p><blockquote class=\"wp-embedded-content\" data-secret=\"XJROxOYSsA\"><a href=\"https:\/\/univetnature.org\/2020\/05\/18\/des-veterinaires-au-secours-des-ong-de-protection-de-la-faune-sauvage\/\">Des v\u00e9t\u00e9rinaires au secours des ONG de protection de la faune sauvage<\/a><\/blockquote><iframe loading=\"lazy\" class=\"wp-embedded-content\" sandbox=\"allow-scripts\" security=\"restricted\" style=\"position: absolute; visibility: hidden;\" title=\"\u00ab\u00a0Des v\u00e9t\u00e9rinaires au secours des ONG de protection de la faune sauvage\u00a0\u00bb &#8212; Univet Nature\" src=\"https:\/\/univetnature.org\/2020\/05\/18\/des-veterinaires-au-secours-des-ong-de-protection-de-la-faune-sauvage\/embed\/#?secret=1ctUBpBS5D#?secret=XJROxOYSsA\" data-secret=\"XJROxOYSsA\" width=\"525\" height=\"296\" frameborder=\"0\" marginwidth=\"0\" marginheight=\"0\" scrolling=\"no\"><\/iframe><\/p>\n<p>ADAFAM est actuellement en n\u00e9gociations avec la Direction R\u00e9gionale de l&rsquo;Environnement et du D\u00e9veloppement Durable de la r\u00e9gion Analanjirofo pour la signature d&rsquo;un contrat de d\u00e9l\u00e9gation de gestion d&rsquo;une dur\u00e9e de cinq ans. Univet Nature s&rsquo;engagerait alors \u00e0 nous soutenir pendant cette dur\u00e9e, en particulier pour des actions de reboisement.<\/p>\n<p>Par ailleurs nous allons \u00eatre soutenus pendant deux ans par l&rsquo;American Orchid Society, pour des actions de recherche et de protection des orchid\u00e9es, et la formation des guides locaux.<\/p>\n<p><a href=\"https:\/\/www.adafam.org\/wp-content\/uploads\/logo-AOS.png\"><img loading=\"lazy\" decoding=\"async\" class=\"alignnone size-medium wp-image-295\" src=\"https:\/\/www.adafam.org\/wp-content\/uploads\/logo-AOS-300x65.png\" alt=\"\" width=\"300\" height=\"65\" srcset=\"https:\/\/www.adafam.org\/wp-content\/uploads\/logo-AOS-300x65.png 300w, https:\/\/www.adafam.org\/wp-content\/uploads\/logo-AOS.png 436w\" sizes=\"(max-width: 300px) 100vw, 300px\" \/><\/a><\/p>\n<h1><strong>Ao\u00fbt 2018<\/strong><\/h1>\n<p>Gr\u00e2ce au soutien du fond de dotation\u00a0<em>Feralis<\/em>, l\u2019ADAFAM a engag\u00e9 un programme de s\u00e9curisation fonci\u00e8re pour pr\u00e9server l\u2019int\u00e9grit\u00e9 de la for\u00eat. Cette d\u00e9marche est longue et consiste \u00e0 apporter des compensations financi\u00e8res \u00e0 ceux qui disposaient de droits coutumiers sur le domaine de l&rsquo;Etat. Ceci devrait mettre fin aux \u00ab\u00a0tavy\u00a0\u00bb, la culture sur br\u00fblis qui menace \u00e0 l\u2019int\u00e9rieur m\u00eame de la r\u00e9serve, avec en particulier un \u00e9pisode r\u00e9cent fin 2017.\u00a0Les moyens de contr\u00f4le ont \u00e9t\u00e9 renforc\u00e9s par les patrouilles de l&rsquo;AGPN qui quadrillent le secteur. Il reste toutefois encore des parcelles \u00e0 prot\u00e9ger pour garantir la p\u00e9rennit\u00e9 du site.<\/p>\n<p><a href=\"https:\/\/www.adafam.org\/wp-content\/uploads\/2018\/08\/guide_de_la_foret_d_ambodiriana_feralis-1200x700-c-default.jpg\"><img loading=\"lazy\" decoding=\"async\" class=\"alignnone size-medium wp-image-167\" src=\"https:\/\/www.adafam.org\/wp-content\/uploads\/2018\/08\/guide_de_la_foret_d_ambodiriana_feralis-1200x700-c-default-300x175.jpg\" alt=\"\" width=\"300\" height=\"175\" srcset=\"https:\/\/www.adafam.org\/wp-content\/uploads\/2018\/08\/guide_de_la_foret_d_ambodiriana_feralis-1200x700-c-default-300x175.jpg 300w, https:\/\/www.adafam.org\/wp-content\/uploads\/2018\/08\/guide_de_la_foret_d_ambodiriana_feralis-1200x700-c-default-768x448.jpg 768w, https:\/\/www.adafam.org\/wp-content\/uploads\/2018\/08\/guide_de_la_foret_d_ambodiriana_feralis-1200x700-c-default-1024x597.jpg 1024w, https:\/\/www.adafam.org\/wp-content\/uploads\/2018\/08\/guide_de_la_foret_d_ambodiriana_feralis-1200x700-c-default.jpg 1200w\" sizes=\"(max-width: 300px) 100vw, 300px\" \/><\/a><\/p>\n<p>Grinaud Miandra, guide dipl\u00f4m\u00e9 de l&rsquo;AGPN<\/p>\n<h4>Vers un programme d\u2019\u00e9ducation \u00e0 l\u2019environnement \u00e0 Manompana<\/h4>\n<p>A Manompana, l\u2019\u00e9cole publique (Ecole primaire) compte 14 enseignants pour 1100 \u00e9l\u00e8ves (environ 80 \u00e9l\u00e8ves par professeur). Il y a \u00e9galement deux \u00e9coles priv\u00e9es non confessionnelles (300 \u00e9l\u00e8ves environ) et un nombre important d\u2019\u00e9coles confessionnelles. Le nombre de religions avoisine une dizaine entre l\u2019\u00e9glise catholique, les \u00e9glises r\u00e9form\u00e9es anglaises et norv\u00e9giennes, les t\u00e9moins de J\u00e9hovah et les nombreuses sectes \u00e9vang\u00e9liques. Par \u00e9thique la\u00efque, L\u2019ADAFAM n\u2019intervient pour l&rsquo;instant que dans le cadre des \u00e9coles publiques ou priv\u00e9es non confessionnelles.\u00a0En juillet 2018, l\u2019ADAFAM a rencontr\u00e9 des chefs d\u2019\u00e9tablissements et les enseignants de Manompana. Les premiers \u00e9changes ont port\u00e9 sur la sensibilisation \u00e0 l\u2019\u00e9cosyst\u00e8me de la \u00ab\u00a0mangrove\u00a0\u00bb qui fait partie\u00a0de l\u2019environnement imm\u00e9diat du village.<\/p>\n<figure id=\"attachment_189\" aria-describedby=\"caption-attachment-189\" style=\"width: 300px\" class=\"wp-caption alignnone\"><a href=\"https:\/\/www.adafam.org\/wp-content\/uploads\/2018\/09\/exposition-masques-photo-ADFAM.jpg\"><img loading=\"lazy\" decoding=\"async\" class=\"size-medium wp-image-189\" src=\"https:\/\/www.adafam.org\/wp-content\/uploads\/2018\/09\/exposition-masques-photo-ADFAM-300x225.jpg\" alt=\"\" width=\"300\" height=\"225\" srcset=\"https:\/\/www.adafam.org\/wp-content\/uploads\/2018\/09\/exposition-masques-photo-ADFAM-300x225.jpg 300w, https:\/\/www.adafam.org\/wp-content\/uploads\/2018\/09\/exposition-masques-photo-ADFAM-768x576.jpg 768w, https:\/\/www.adafam.org\/wp-content\/uploads\/2018\/09\/exposition-masques-photo-ADFAM.jpg 1000w\" sizes=\"(max-width: 300px) 100vw, 300px\" \/><\/a><figcaption id=\"caption-attachment-189\" class=\"wp-caption-text\">Sensibilisation \u00e0 la nature \u00e0 Manompana<\/figcaption><\/figure>\n<h4>L\u2019ADAFAM a nou\u00e9\u00a0 de solides relations avec les habitants de Manompana<\/h4>\n<p>Par ailleurs, l\u2019ADAFAM forme et emploie les guides de l\u2019Association des Guides Protecteurs de la Nature (AGPN). L\u2019association a travaill\u00e9 avec les autorit\u00e9s locales et les b\u00fbcherons pour lutter contre les coupes ill\u00e9gales de bois. Enfin, l\u2019ADAFAM a assur\u00e9 des animations ludiques avec les villageois lors d&rsquo;une f\u00eate locale : courses de pirogues, course en sac, avec distribution de prix.<\/p>\n<p><a href=\"https:\/\/www.adafam.org\/wp-content\/uploads\/2018\/08\/course_de_pirogue_dans_le_village_de_manompana-300x225.jpg\"><img loading=\"lazy\" decoding=\"async\" class=\"alignnone size-medium wp-image-174\" src=\"https:\/\/www.adafam.org\/wp-content\/uploads\/2018\/08\/course_de_pirogue_dans_le_village_de_manompana-300x225-300x225.jpg\" alt=\"\" width=\"300\" height=\"225\" \/><\/a><\/p>\n<p>Course de pirogues \u00e0 Manompana<\/p>\n<h1><strong>Mai 2018<\/strong><\/h1>\n<p><strong>Signature d&rsquo;une convention entre le fonds de dotation Feralis et ADAFAM<\/strong><\/p>\n<p>Cette convention a \u00e9t\u00e9 \u00a0sign\u00e9e \u00e0 Paris le 17 mai 2018. Le Fonds de dotation Feralis (voir aussi la page \u00ab\u00a0partenaires\u00a0\u00bb) apporte une aide financi\u00e8re pour des interventions portant sur :<\/p>\n<p><strong>La pr\u00e9servation de l\u2019int\u00e9gralit\u00e9 de la r\u00e9serve d\u2019Ambodiriana.<\/strong><\/p>\n<p>L\u2019exploitation foresti\u00e8re clandestine est permanente en p\u00e9riph\u00e9rie mais aussi dans la r\u00e9serve. Une logistique d\u2019organisation est indispensable pour assurer la coordination et la surveillance du site.<\/p>\n<p><strong>L\u2019acquisition des espaces de for\u00eat primaire en p\u00e9riph\u00e9rie et des espaces d\u00e9grad\u00e9s dans la r\u00e9serve.<\/strong><\/p>\n<p>La gestion du site est complexe car le statut des parcelles dans la r\u00e9serve est soumis \u00e0 des baux locatifs ou communaux mais \u00e9galement au droit coutumier non \u00e9crit. L\u2019une des solutions pour sortir de cette situation instable passe par l\u2019acquisition fonci\u00e8re.<\/p>\n<p><strong>La sensibilisation environnementale des publics de Manompana.<\/strong><\/p>\n<p>Ce projet est particuli\u00e8rement important pour conscientiser les jeunes malgaches \u00e0 la richesse et \u00e0 la fragilit\u00e9 de leur patrimoine naturel.<\/p>","protected":false},"excerpt":{"rendered":"<p>Janvier 2026 Univet Nature s&rsquo;engage pour la protection des l\u00e9muriens et des for\u00eats de Madagascar, en particulier la for\u00eat d&rsquo;Ambodiriana : Avril 2021 Nous sommes tr\u00e8s heureux de vous annoncer la signature d&rsquo;un contrat de \u00ab D\u00e9l\u00e9gation de gestion \u00bb avec la DREDD d\u2019Analanjirofo. Ce contrat rend l\u00e9gitime ADAFAM comme : \u00ab gestionnaire d\u00e9l\u00e9gu\u00e9 \u00bb &hellip; <\/p>\n<p class=\"link-more\"><a href=\"https:\/\/www.adafam.org\/index.php\/nouvelles\/\" class=\"more-link\">Continuer la lecture<span class=\"screen-reader-text\"> de &laquo;&nbsp;Nouvelles&nbsp;&raquo;<\/span><\/a><\/p>\n","protected":false},"author":1,"featured_media":0,"parent":0,"menu_order":0,"comment_status":"closed","ping_status":"closed","template":"","meta":{"footnotes":""},"class_list":["post-128","page","type-page","status-publish","hentry"],"_links":{"self":[{"href":"https:\/\/www.adafam.org\/index.php\/wp-json\/wp\/v2\/pages\/128"}],"collection":[{"href":"https:\/\/www.adafam.org\/index.php\/wp-json\/wp\/v2\/pages"}],"about":[{"href":"https:\/\/www.adafam.org\/index.php\/wp-json\/wp\/v2\/types\/page"}],"author":[{"embeddable":true,"href":"https:\/\/www.adafam.org\/index.php\/wp-json\/wp\/v2\/users\/1"}],"replies":[{"embeddable":true,"href":"https:\/\/www.adafam.org\/index.php\/wp-json\/wp\/v2\/comments?post=128"}],"version-history":[{"count":19,"href":"https:\/\/www.adafam.org\/index.php\/wp-json\/wp\/v2\/pages\/128\/revisions"}],"predecessor-version":[{"id":502,"href":"https:\/\/www.adafam.org\/index.php\/wp-json\/wp\/v2\/pages\/128\/revisions\/502"}],"wp:attachment":[{"href":"https:\/\/www.adafam.org\/index.php\/wp-json\/wp\/v2\/media?parent=128"}],"curies":[{"name":"wp","href":"https:\/\/api.w.org\/{rel}","templated":true}]}}