{"id":11,"date":"2017-12-19T11:57:45","date_gmt":"2017-12-19T11:57:45","guid":{"rendered":"http:\/\/pico12.fr\/adafam\/?page_id=11"},"modified":"2021-04-20T09:47:44","modified_gmt":"2021-04-20T07:47:44","slug":"about","status":"publish","type":"page","link":"https:\/\/www.adafam.org\/","title":{"rendered":"A propos"},"content":{"rendered":"<p><span style=\"color: #808000;\">L\u2019Association Des Amis de la For\u00eat d&rsquo;Ambodiriana-Manompana<\/span> a pour objet d\u2019initier, de promouvoir et de coordonner :<\/p>\n<ul>\n<li>toutes actions visant \u00e0 prot\u00e9ger, \u00e9tudier la for\u00eat d&rsquo;Ambodiriana-Manompana et ses \u00e9cosyst\u00e8mes,<\/li>\n<li>toutes actions visant sa protection durable en harmonie avec l\u2019int\u00e9r\u00eat des communaut\u00e9s locales (\u00e9cotourisme, recherche, etc.),<\/li>\n<li>toutes actions visant \u00e0 restaurer les corridors forestiers,<\/li>\n<li>toutes actions visant \u00e0 restaurer les berges du fleuve Manompana et de ses affluents,<\/li>\n<li>toutes actions visant \u00e0 sensibiliser et former tous les publics \u00e0 l&rsquo;\u00e9cologie et \u00e0 la protection de l\u2019environnement,<\/li>\n<li>toutes actions visant \u00e0 l\u2019am\u00e9lioration des ressources \u00e9conomiques du village,<\/li>\n<li>toutes actions visant \u00e0 l\u2019am\u00e9lioration du cadre et des conditions de vie de la communaut\u00e9 villageoise.<\/li>\n<\/ul>\n\n\n<p><\/p>\n","protected":false},"excerpt":{"rendered":"<p>L\u2019Association Des Amis de la For\u00eat d&rsquo;Ambodiriana-Manompana a pour objet d\u2019initier, de promouvoir et de coordonner : toutes actions visant \u00e0 prot\u00e9ger, \u00e9tudier la for\u00eat d&rsquo;Ambodiriana-Manompana et ses \u00e9cosyst\u00e8mes, toutes actions visant sa protection durable en harmonie avec l\u2019int\u00e9r\u00eat des communaut\u00e9s locales (\u00e9cotourisme, recherche, etc.), toutes actions visant \u00e0 restaurer les corridors forestiers, toutes actions &hellip; <\/p>\n<p class=\"link-more\"><a href=\"https:\/\/www.adafam.org\/\" class=\"more-link\">Continuer la lecture<span class=\"screen-reader-text\"> de &laquo;&nbsp;A propos&nbsp;&raquo;<\/span><\/a><\/p>\n","protected":false},"author":1,"featured_media":0,"parent":0,"menu_order":0,"comment_status":"closed","ping_status":"closed","template":"","meta":{"footnotes":""},"class_list":["post-11","page","type-page","status-publish","hentry"],"_links":{"self":[{"href":"https:\/\/www.adafam.org\/index.php\/wp-json\/wp\/v2\/pages\/11"}],"collection":[{"href":"https:\/\/www.adafam.org\/index.php\/wp-json\/wp\/v2\/pages"}],"about":[{"href":"https:\/\/www.adafam.org\/index.php\/wp-json\/wp\/v2\/types\/page"}],"author":[{"embeddable":true,"href":"https:\/\/www.adafam.org\/index.php\/wp-json\/wp\/v2\/users\/1"}],"replies":[{"embeddable":true,"href":"https:\/\/www.adafam.org\/index.php\/wp-json\/wp\/v2\/comments?post=11"}],"version-history":[{"count":4,"href":"https:\/\/www.adafam.org\/index.php\/wp-json\/wp\/v2\/pages\/11\/revisions"}],"predecessor-version":[{"id":467,"href":"https:\/\/www.adafam.org\/index.php\/wp-json\/wp\/v2\/pages\/11\/revisions\/467"}],"wp:attachment":[{"href":"https:\/\/www.adafam.org\/index.php\/wp-json\/wp\/v2\/media?parent=11"}],"curies":[{"name":"wp","href":"https:\/\/api.w.org\/{rel}","templated":true}]}}